{"id":1262,"date":"2020-12-17T11:35:17","date_gmt":"2020-12-17T08:35:17","guid":{"rendered":"https:\/\/www.melimnos.com\/?page_id=1262"},"modified":"2020-12-17T12:11:08","modified_gmt":"2020-12-17T09:11:08","slug":"alipseto","status":"publish","type":"page","link":"https:\/\/www.melimnos.com\/de\/alipseto\/","title":{"rendered":"Alipseto"},"content":{"rendered":"<div class=\"row row-collapse row-full-width align-middle align-center grammes\"  id=\"row-953559100\">\n\n\t<div id=\"col-1569203164\" class=\"col medium-12 small-12 large-8 medium-col-first\"  >\n\t\t\t\t<div class=\"col-inner\"  >\n\t\t\t\n\t\t\t\n\n  <div class=\"banner has-hover\" id=\"banner-1761910240\">\n          <div class=\"banner-inner fill\">\n        <div class=\"banner-bg fill\" >\n            <div class=\"bg fill bg-fill \"><\/div>\n                                    \n                    <\/div>\n\t\t\n        <div class=\"banner-layers container\">\n            <div class=\"fill banner-link\"><\/div>            \n        <\/div>\n      <\/div>\n\n            \n<style>\n#banner-1761910240 {\n  padding-top: 300px;\n  background-color: rgb(255, 255, 255);\n}\n#banner-1761910240 .bg.bg-loaded {\n  background-image: url(https:\/\/www.melimnos.com\/wp-content\/uploads\/2020\/12\/alipseto_6093-1200x800.jpg);\n}\n#banner-1761910240 .bg {\n  background-position: 15% 60%;\n}\n@media (min-width:550px) {\n  #banner-1761910240 {\n    padding-top: 500px;\n  }\n}\n@media (min-width:850px) {\n  #banner-1761910240 {\n    padding-top: 700px;\n  }\n}\n<\/style>\n  <\/div>\n\n\n\t\t<\/div>\n\t\t\t\t\t<\/div>\n\n\t\n\n\t<div id=\"col-197182730\" class=\"col medium-10 small-11 large-4\"  >\n\t\t\t\t<div class=\"col-inner\"  >\n\t\t\t\n\t\t\t\n\t<div id=\"gap-360075212\" class=\"gap-element clearfix\" style=\"display:block; height:auto;\">\n\t\t\n<style>\n#gap-360075212 {\n  padding-top: 50px;\n}\n<\/style>\n\t<\/div>\n\t\n\t<div class=\"img has-hover x md-x lg-x y md-y lg-y\" id=\"image_737623207\">\n\t\t\t\t\t\t\t\t<div class=\"img-inner dark\" >\n\t\t\t<img loading=\"lazy\" decoding=\"async\" width=\"1020\" height=\"318\" src=\"https:\/\/www.melimnos.com\/wp-content\/uploads\/2020\/12\/Alipseto_logo_HIGH-1400x436.png\" class=\"attachment-large size-large\" alt=\"\" srcset=\"https:\/\/www.melimnos.com\/wp-content\/uploads\/2020\/12\/Alipseto_logo_HIGH.png 1400w, https:\/\/www.melimnos.com\/wp-content\/uploads\/2020\/12\/Alipseto_logo_HIGH-800x249.png 800w, https:\/\/www.melimnos.com\/wp-content\/uploads\/2020\/12\/Alipseto_logo_HIGH-768x239.png 768w\" sizes=\"auto, (max-width: 1020px) 100vw, 1020px\" \/>\t\t\t\t\t\t\n\t\t\t\t\t<\/div>\n\t\t\t\t\t\t\t\t\n<style>\n#image_737623207 {\n  width: 100%;\n}\n<\/style>\n\t<\/div>\n\t\n<h2>\u201cEine einzigartige geschmackvolle Kombination aus Honig, aromatischem Kakao und Fr\u00fcchten entsteht durch die neuen, gesunden Aufstriche mit einer samtigen Textur, die im Mund schmelzen und die Sinne abnehmen.\u201d<\/h2>\n\t<div id=\"gap-1449159577\" class=\"gap-element clearfix\" style=\"display:block; height:auto;\">\n\t\t\n<style>\n#gap-1449159577 {\n  padding-top: 50px;\n}\n<\/style>\n\t<\/div>\n\t\n\t\t<\/div>\n\t\t\t\t\n<style>\n#col-197182730 > .col-inner {\n  padding: 0px 10% 0px 10%;\n}\n<\/style>\n\t<\/div>\n\n\t\n<\/div>\n<div class=\"row row-collapse row-full-width align-middle align-center grammes\"  id=\"row-192297321\">\n\n\t<div id=\"col-881541205\" class=\"col medium-12 small-12 large-4\"  >\n\t\t\t\t<div class=\"col-inner\"  >\n\t\t\t\n\t\t\t\n\n  <div class=\"banner has-hover\" id=\"banner-1680874225\">\n          <div class=\"banner-inner fill\">\n        <div class=\"banner-bg fill\" >\n            <div class=\"bg fill bg-fill \"><\/div>\n                                    \n                    <\/div>\n\t\t\n        <div class=\"banner-layers container\">\n            <div class=\"fill banner-link\"><\/div>            \n        <\/div>\n      <\/div>\n\n            \n<style>\n#banner-1680874225 {\n  padding-top: 550px;\n  background-color: rgb(255, 255, 255);\n}\n#banner-1680874225 .bg.bg-loaded {\n  background-image: url(https:\/\/www.melimnos.com\/wp-content\/uploads\/2020\/12\/alipseto_6107-533x800.jpg);\n}\n#banner-1680874225 .bg {\n  background-position: 52% 71%;\n}\n@media (min-width:550px) {\n  #banner-1680874225 {\n    padding-top: 650px;\n  }\n}\n<\/style>\n  <\/div>\n\n\n\t\t<\/div>\n\t\t\t\t\t<\/div>\n\n\t\n\n\t<div id=\"col-1404106610\" class=\"col medium-10 small-11 large-4\"  >\n\t\t\t\t<div class=\"col-inner\"  >\n\t\t\t\n\t\t\t\n\t<div id=\"gap-704194735\" class=\"gap-element clearfix\" style=\"display:block; height:auto;\">\n\t\t\n<style>\n#gap-704194735 {\n  padding-top: 120px;\n}\n<\/style>\n\t<\/div>\n\t\n<h2>\u201cKakao, Honig, Erdbeere und Orange sind reich an Antioxidantien und wertvollen Vitaminen.\u201d<\/h2>\n\t<div id=\"gap-772589862\" class=\"gap-element clearfix\" style=\"display:block; height:auto;\">\n\t\t\n<style>\n#gap-772589862 {\n  padding-top: 120px;\n}\n<\/style>\n\t<\/div>\n\t\n\t\t<\/div>\n\t\t\t\t\n<style>\n#col-1404106610 > .col-inner {\n  padding: 0px 10% 0px 10%;\n}\n<\/style>\n\t<\/div>\n\n\t\n\n\t<div id=\"col-1899410326\" class=\"col medium-12 small-12 large-4\"  >\n\t\t\t\t<div class=\"col-inner\"  >\n\t\t\t\n\t\t\t\n\n  <div class=\"banner has-hover\" id=\"banner-1322435599\">\n          <div class=\"banner-inner fill\">\n        <div class=\"banner-bg fill\" >\n            <div class=\"bg fill bg-fill \"><\/div>\n                                    \n                    <\/div>\n\t\t\n        <div class=\"banner-layers container\">\n            <div class=\"fill banner-link\"><\/div>            \n        <\/div>\n      <\/div>\n\n            \n<style>\n#banner-1322435599 {\n  padding-top: 550px;\n  background-color: rgb(255, 255, 255);\n}\n#banner-1322435599 .bg.bg-loaded {\n  background-image: url(https:\/\/www.melimnos.com\/wp-content\/uploads\/2020\/12\/alipseto_6168-533x800.jpg);\n}\n#banner-1322435599 .bg {\n  background-position: 54% 89%;\n}\n@media (min-width:550px) {\n  #banner-1322435599 {\n    padding-top: 650px;\n  }\n}\n<\/style>\n  <\/div>\n\n\n\t\t<\/div>\n\t\t\t\t\t<\/div>\n\n\t\n<\/div>\n<div class=\"row row-collapse row-full-width align-middle align-center grammes\"  id=\"row-1672070213\">\n\n\t<div id=\"col-1206888801\" class=\"col medium-10 small-12 large-4\"  >\n\t\t\t\t<div class=\"col-inner\"  >\n\t\t\t\n\t\t\t\n<div class=\"row align-middle align-center\"  id=\"row-1048942339\">\n\n\t<div id=\"col-1796968818\" class=\"col medium-12 small-11 large-12\"  >\n\t\t\t\t<div class=\"col-inner text-left\"  >\n\t\t\t\n\t\t\t\n\t<div id=\"gap-1076581283\" class=\"gap-element clearfix\" style=\"display:block; height:auto;\">\n\t\t\n<style>\n#gap-1076581283 {\n  padding-top: 120px;\n}\n<\/style>\n\t<\/div>\n\t\n<h2>\u201cNicht nur lecker, sondern auch gesund!<br \/>\nOhne Zuckerzusatz<br \/>\nOhne Konservierungsstoffe,<br \/>\nOhne Farbstoffe und<br \/>\nOhne Palm\u00f6l.\u201d<\/h2>\n\t<div id=\"gap-734703091\" class=\"gap-element clearfix\" style=\"display:block; height:auto;\">\n\t\t\n<style>\n#gap-734703091 {\n  padding-top: 120px;\n}\n<\/style>\n\t<\/div>\n\t\n\t\t<\/div>\n\t\t\t\t\n<style>\n#col-1796968818 > .col-inner {\n  padding: 0px 10% 0px 9%;\n}\n<\/style>\n\t<\/div>\n\n\t\n<\/div>\n\t\t<\/div>\n\t\t\t\t\t<\/div>\n\n\t\n\n\t<div id=\"col-1304040568\" class=\"col medium-12 small-12 large-8\"  >\n\t\t\t\t<div class=\"col-inner\"  >\n\t\t\t\n\t\t\t\n\n  <div class=\"banner has-hover\" id=\"banner-527012594\">\n          <div class=\"banner-inner fill\">\n        <div class=\"banner-bg fill\" >\n            <div class=\"bg fill bg-fill \"><\/div>\n                                    \n                    <\/div>\n\t\t\n        <div class=\"banner-layers container\">\n            <div class=\"fill banner-link\"><\/div>            \n        <\/div>\n      <\/div>\n\n            \n<style>\n#banner-527012594 {\n  padding-top: 300px;\n  background-color: rgb(255, 255, 255);\n}\n#banner-527012594 .bg.bg-loaded {\n  background-image: url(https:\/\/www.melimnos.com\/wp-content\/uploads\/2020\/12\/alipseto_6450-1200x800.jpg);\n}\n#banner-527012594 .bg {\n  background-position: 65% 50%;\n}\n@media (min-width:550px) {\n  #banner-527012594 {\n    padding-top: 250px;\n  }\n}\n@media (min-width:850px) {\n  #banner-527012594 {\n    padding-top: 600px;\n  }\n}\n<\/style>\n  <\/div>\n\n\n\t\t<\/div>\n\t\t\t\t\t<\/div>\n\n\t\n<\/div>\n<div class=\"row row-collapse row-full-width align-middle align-center grammes\"  id=\"row-1658828830\">\n\n\t<div id=\"col-162839219\" class=\"col medium-12 small-12 large-4\"  >\n\t\t\t\t<div class=\"col-inner\"  >\n\t\t\t\n\t\t\t\n\n  <div class=\"banner has-hover\" id=\"banner-1779321509\">\n          <div class=\"banner-inner fill\">\n        <div class=\"banner-bg fill\" >\n            <div class=\"bg fill bg-fill \"><\/div>\n                                    \n                    <\/div>\n\t\t\n        <div class=\"banner-layers container\">\n            <div class=\"fill banner-link\"><\/div>            \n        <\/div>\n      <\/div>\n\n            \n<style>\n#banner-1779321509 {\n  padding-top: 551px;\n  background-color: rgb(255, 255, 255);\n}\n#banner-1779321509 .bg.bg-loaded {\n  background-image: url(https:\/\/www.melimnos.com\/wp-content\/uploads\/2020\/12\/alipseto_6230-533x800.jpg);\n}\n#banner-1779321509 .bg {\n  background-position: 52% 71%;\n}\n@media (min-width:550px) {\n  #banner-1779321509 {\n    padding-top: 650px;\n  }\n}\n<\/style>\n  <\/div>\n\n\n\t\t<\/div>\n\t\t\t\t\t<\/div>\n\n\t\n\n\t<div id=\"col-1317545438\" class=\"col medium-10 small-11 large-4\"  >\n\t\t\t\t<div class=\"col-inner\"  >\n\t\t\t\n\t\t\t\n\t<div id=\"gap-2035173114\" class=\"gap-element clearfix\" style=\"display:block; height:auto;\">\n\t\t\n<style>\n#gap-2035173114 {\n  padding-top: 120px;\n}\n<\/style>\n\t<\/div>\n\t\n<h2>\u201cDas s\u00fc\u00dfeste, schokoladigste und ges\u00fcndeste Vergn\u00fcgen, das zur t\u00e4glichen Gewohnheit von uns allen wurde!\u201d<\/h2>\n\t<div id=\"gap-712779958\" class=\"gap-element clearfix\" style=\"display:block; height:auto;\">\n\t\t\n<style>\n#gap-712779958 {\n  padding-top: 120px;\n}\n<\/style>\n\t<\/div>\n\t\n\t\t<\/div>\n\t\t\t\t\n<style>\n#col-1317545438 > .col-inner {\n  padding: 0px 10% 0px 10%;\n}\n<\/style>\n\t<\/div>\n\n\t\n\n\t<div id=\"col-1794403948\" class=\"col medium-12 small-12 large-4\"  >\n\t\t\t\t<div class=\"col-inner\"  >\n\t\t\t\n\t\t\t\n\n  <div class=\"banner has-hover\" id=\"banner-2131230142\">\n          <div class=\"banner-inner fill\">\n        <div class=\"banner-bg fill\" >\n            <div class=\"bg fill bg-fill \"><\/div>\n                                    \n                    <\/div>\n\t\t\n        <div class=\"banner-layers container\">\n            <div class=\"fill banner-link\"><\/div>            \n        <\/div>\n      <\/div>\n\n            \n<style>\n#banner-2131230142 {\n  padding-top: 300px;\n  background-color: rgb(255, 255, 255);\n}\n#banner-2131230142 .bg.bg-loaded {\n  background-image: url(https:\/\/www.melimnos.com\/wp-content\/uploads\/2020\/12\/alipseto_6274-533x800.jpg);\n}\n#banner-2131230142 .bg {\n  background-position: 54% 89%;\n}\n@media (min-width:550px) {\n  #banner-2131230142 {\n    padding-top: 650px;\n  }\n}\n<\/style>\n  <\/div>\n\n\n\t\t<\/div>\n\t\t\t\t\t<\/div>\n\n\t\n<\/div>\n<div class=\"row align-middle align-center\"  id=\"row-444232263\">\n\n\t<div id=\"col-2011313625\" class=\"col medium-6 small-12 large-6\"  >\n\t\t\t\t<div class=\"col-inner text-right\"  >\n\t\t\t\n\t\t\t\n\t<div class=\"img has-hover x md-x lg-x y md-y lg-y\" id=\"image_1992501044\">\n\t\t\t\t\t\t\t\t<div class=\"img-inner dark\" >\n\t\t\t<img loading=\"lazy\" decoding=\"async\" width=\"500\" height=\"272\" src=\"https:\/\/www.melimnos.com\/wp-content\/uploads\/2020\/12\/slug2.jpg\" class=\"attachment-large size-large\" alt=\"\" \/>\t\t\t\t\t\t\n\t\t\t\t\t<\/div>\n\t\t\t\t\t\t\t\t\n<style>\n#image_1992501044 {\n  width: 70%;\n}\n<\/style>\n\t<\/div>\n\t\n\t\t<\/div>\n\t\t\t\t\t<\/div>\n\n\t\n\n\t<div id=\"col-1977306740\" class=\"col medium-6 small-12 large-6\"  >\n\t\t\t\t<div class=\"col-inner text-left\"  >\n\t\t\t\n\t\t\t\n\t<div class=\"img has-hover x md-x lg-x y md-y lg-y\" id=\"image_2022613852\">\n\t\t\t\t\t\t\t\t<div class=\"img-inner dark\" >\n\t\t\t<img loading=\"lazy\" decoding=\"async\" width=\"779\" height=\"194\" src=\"https:\/\/www.melimnos.com\/wp-content\/uploads\/2020\/12\/slug3.jpg\" class=\"attachment-large size-large\" alt=\"\" srcset=\"https:\/\/www.melimnos.com\/wp-content\/uploads\/2020\/12\/slug3.jpg 779w, https:\/\/www.melimnos.com\/wp-content\/uploads\/2020\/12\/slug3-768x191.jpg 768w\" sizes=\"auto, (max-width: 779px) 100vw, 779px\" \/>\t\t\t\t\t\t\n\t\t\t\t\t<\/div>\n\t\t\t\t\t\t\t\t\n<style>\n#image_2022613852 {\n  width: 100%;\n}\n<\/style>\n\t<\/div>\n\t\n\t\t<\/div>\n\t\t\t\t\t<\/div>\n\n\t\n\n<style>\n#row-444232263 > .col > .col-inner {\n  padding: 60px 0px 0px 0px;\n}\n<\/style>\n<\/div>\n<div class=\"row row-collapse row-full-width\"  id=\"row-1550274941\">\n\n\t<div id=\"col-877774618\" class=\"col medium-4 small-12 large-4\"  >\n\t\t\t\t<div class=\"col-inner\"  >\n\t\t\t\n\t\t\t\n\t<div class=\"box has-hover   has-hover box-text-bottom\" >\n\n\t\t<div class=\"box-image\" >\n\t\t\t\t\t\t<div class=\"\" >\n\t\t\t\t<img loading=\"lazy\" decoding=\"async\" width=\"807\" height=\"746\" src=\"https:\/\/www.melimnos.com\/wp-content\/uploads\/2020\/12\/honey-spread-with-cocoa1.jpg\" class=\"attachment- size-\" alt=\"\" srcset=\"https:\/\/www.melimnos.com\/wp-content\/uploads\/2020\/12\/honey-spread-with-cocoa1.jpg 807w, https:\/\/www.melimnos.com\/wp-content\/uploads\/2020\/12\/honey-spread-with-cocoa1-433x400.jpg 433w, https:\/\/www.melimnos.com\/wp-content\/uploads\/2020\/12\/honey-spread-with-cocoa1-768x710.jpg 768w\" sizes=\"auto, (max-width: 807px) 100vw, 807px\" \/>\t\t\t\t\t\t\t\t\t\t\t<\/div>\n\t\t\t\t\t<\/div>\n\n\t\t<div class=\"box-text text-center\" >\n\t\t\t<div class=\"box-text-inner\">\n\t\t\t\t\n<p style=\"text-align: center;\">\n<h2 style=\"text-align: center;\">alipseto Honig-aufstrich mit Kakao<\/h2>\n<p style=\"text-align: center;\">Honigaufstrich mit Kakao, dem s\u00fc\u00dfesten, schokoladigsten und ges\u00fcndesten Genuss, der zur t\u00e4glichen Gewohnheit von uns allen wurde!<\/p>\n\t\t\t<\/div>\n\t\t<\/div>\n\t<\/div>\n\t\n\t\t<\/div>\n\t\t\t\t\t<\/div>\n\n\t\n\n\t<div id=\"col-1026031518\" class=\"col medium-4 small-12 large-4\"  >\n\t\t\t\t<div class=\"col-inner\"  >\n\t\t\t\n\t\t\t\n\t<div class=\"box has-hover   has-hover box-text-bottom\" >\n\n\t\t<div class=\"box-image\" >\n\t\t\t\t\t\t<div class=\"\" >\n\t\t\t\t<img loading=\"lazy\" decoding=\"async\" width=\"807\" height=\"746\" src=\"https:\/\/www.melimnos.com\/wp-content\/uploads\/2020\/12\/honey-spread-with-cocoa.jpg\" class=\"attachment- size-\" alt=\"\" srcset=\"https:\/\/www.melimnos.com\/wp-content\/uploads\/2020\/12\/honey-spread-with-cocoa.jpg 807w, https:\/\/www.melimnos.com\/wp-content\/uploads\/2020\/12\/honey-spread-with-cocoa-433x400.jpg 433w, https:\/\/www.melimnos.com\/wp-content\/uploads\/2020\/12\/honey-spread-with-cocoa-768x710.jpg 768w\" sizes=\"auto, (max-width: 807px) 100vw, 807px\" \/>\t\t\t\t\t\t\t\t\t\t\t<\/div>\n\t\t\t\t\t<\/div>\n\n\t\t<div class=\"box-text text-center\" >\n\t\t\t<div class=\"box-text-inner\">\n\t\t\t\t\n<p style=\"text-align: center;\">\n<h2 style=\"text-align: center;\">alipseto Honig-aufstrich mit Kakao &amp; Orange<\/h2>\n<p style=\"text-align: center;\">Honigaufstrich mit Kakao &amp; Orange, dem s\u00fc\u00dfesten, schokoladigsten und ges\u00fcndesten Genuss, der zur t\u00e4glichen Gewohnheit von uns allen wurde!<\/p>\n\t\t\t<\/div>\n\t\t<\/div>\n\t<\/div>\n\t\n\t\t<\/div>\n\t\t\t\t\t<\/div>\n\n\t\n\n\t<div id=\"col-12057597\" class=\"col medium-4 small-12 large-4\"  >\n\t\t\t\t<div class=\"col-inner\"  >\n\t\t\t\n\t\t\t\n\t<div class=\"box has-hover   has-hover box-text-bottom\" >\n\n\t\t<div class=\"box-image\" >\n\t\t\t\t\t\t<div class=\"\" >\n\t\t\t\t<img loading=\"lazy\" decoding=\"async\" width=\"807\" height=\"746\" src=\"https:\/\/www.melimnos.com\/wp-content\/uploads\/2020\/12\/creamed-honey-with-strawberry.jpg\" class=\"attachment- size-\" alt=\"\" srcset=\"https:\/\/www.melimnos.com\/wp-content\/uploads\/2020\/12\/creamed-honey-with-strawberry.jpg 807w, https:\/\/www.melimnos.com\/wp-content\/uploads\/2020\/12\/creamed-honey-with-strawberry-433x400.jpg 433w, https:\/\/www.melimnos.com\/wp-content\/uploads\/2020\/12\/creamed-honey-with-strawberry-768x710.jpg 768w\" sizes=\"auto, (max-width: 807px) 100vw, 807px\" \/>\t\t\t\t\t\t\t\t\t\t\t<\/div>\n\t\t\t\t\t<\/div>\n\n\t\t<div class=\"box-text text-center\" >\n\t\t\t<div class=\"box-text-inner\">\n\t\t\t\t\n<p style=\"text-align: center;\">\n<h2 style=\"text-align: center;\">alipseto Honig-aufstrich mit Erdbeere<\/h2>\n<p style=\"text-align: center;\">Honig mit Erdbeeren bestrichen, das s\u00fc\u00dfeste und ges\u00fcndeste Vergn\u00fcgen, das zur t\u00e4glichen Gewohnheit von uns allen wurde!<\/p>\n\t\t\t<\/div>\n\t\t<\/div>\n\t<\/div>\n\t\n\t\t<\/div>\n\t\t\t\t\t<\/div>\n\n\t\n<\/div>\n\t<div id=\"gap-611145074\" class=\"gap-element clearfix\" style=\"display:block; height:auto;\">\n\t\t\n<style>\n#gap-611145074 {\n  padding-top: 50px;\n}\n<\/style>\n\t<\/div>\n\t\n<div class=\"row row-collapse row-full-width align-middle grammes\"  id=\"row-861728838\">\n\n\t<div id=\"col-1455773839\" class=\"col medium-4 large-4\"  >\n\t\t\t\t<div class=\"col-inner\"  >\n\t\t\t\n\t\t\t\n\t<div class=\"img has-hover x md-x lg-x y md-y lg-y\" id=\"image_1072559632\">\n\t\t\t\t\t\t\t\t<div class=\"img-inner dark\" >\n\t\t\t<img loading=\"lazy\" decoding=\"async\" width=\"566\" height=\"800\" src=\"https:\/\/www.melimnos.com\/wp-content\/uploads\/2020\/12\/ALIPSETO_\u03a0\u0391\u03a1\u039f\u03a5\u03a3\u0399\u0391\u03a3\u0397-566x800.jpg\" class=\"attachment-large size-large\" alt=\"\" srcset=\"https:\/\/www.melimnos.com\/wp-content\/uploads\/2020\/12\/ALIPSETO_\u03a0\u0391\u03a1\u039f\u03a5\u03a3\u0399\u0391\u03a3\u0397-566x800.jpg 566w, https:\/\/www.melimnos.com\/wp-content\/uploads\/2020\/12\/ALIPSETO_\u03a0\u0391\u03a1\u039f\u03a5\u03a3\u0399\u0391\u03a3\u0397-283x400.jpg 283w, https:\/\/www.melimnos.com\/wp-content\/uploads\/2020\/12\/ALIPSETO_\u03a0\u0391\u03a1\u039f\u03a5\u03a3\u0399\u0391\u03a3\u0397-768x1086.jpg 768w, https:\/\/www.melimnos.com\/wp-content\/uploads\/2020\/12\/ALIPSETO_\u03a0\u0391\u03a1\u039f\u03a5\u03a3\u0399\u0391\u03a3\u0397.jpg 1500w\" sizes=\"auto, (max-width: 566px) 100vw, 566px\" \/>\t\t\t\t\t\t\n\t\t\t\t\t<\/div>\n\t\t\t\t\t\t\t\t\n<style>\n#image_1072559632 {\n  width: 100%;\n}\n<\/style>\n\t<\/div>\n\t\n\t\t<\/div>\n\t\t\t\t\t<\/div>\n\n\t\n\n\t<div id=\"col-1810336269\" class=\"col medium-4 large-4\"  >\n\t\t\t\t<div class=\"col-inner text-center\"  >\n\t\t\t\n\t\t\t\n\t<div class=\"img has-hover x md-x lg-x y md-y lg-y\" id=\"image_1778667905\">\n\t\t\t\t\t\t\t\t<div class=\"img-inner dark\" >\n\t\t\t<img loading=\"lazy\" decoding=\"async\" width=\"566\" height=\"800\" src=\"https:\/\/www.melimnos.com\/wp-content\/uploads\/2020\/12\/ALIPSETO_\u03a0\u0391\u03a1\u039f\u03a5\u03a3\u0399\u0391\u03a3\u03973-566x800.jpg\" class=\"attachment-large size-large\" alt=\"\" srcset=\"https:\/\/www.melimnos.com\/wp-content\/uploads\/2020\/12\/ALIPSETO_\u03a0\u0391\u03a1\u039f\u03a5\u03a3\u0399\u0391\u03a3\u03973-566x800.jpg 566w, https:\/\/www.melimnos.com\/wp-content\/uploads\/2020\/12\/ALIPSETO_\u03a0\u0391\u03a1\u039f\u03a5\u03a3\u0399\u0391\u03a3\u03973-283x400.jpg 283w, https:\/\/www.melimnos.com\/wp-content\/uploads\/2020\/12\/ALIPSETO_\u03a0\u0391\u03a1\u039f\u03a5\u03a3\u0399\u0391\u03a3\u03973-768x1086.jpg 768w, https:\/\/www.melimnos.com\/wp-content\/uploads\/2020\/12\/ALIPSETO_\u03a0\u0391\u03a1\u039f\u03a5\u03a3\u0399\u0391\u03a3\u03973.jpg 1500w\" sizes=\"auto, (max-width: 566px) 100vw, 566px\" \/>\t\t\t\t\t\t\n\t\t\t\t\t<\/div>\n\t\t\t\t\t\t\t\t\n<style>\n#image_1778667905 {\n  width: 100%;\n}\n<\/style>\n\t<\/div>\n\t\n<div class=\"social-icons follow-icons full-width text-center\" style=\"font-size:124%\"><a href=\"https:\/\/www.facebook.com\/AlipsetoHoneySpread\" target=\"_blank\" data-label=\"Facebook\" class=\"icon plain facebook tooltip\" title=\"Auf Facebook folgen\" aria-label=\"Auf Facebook folgen\" rel=\"noopener nofollow\" ><i class=\"icon-facebook\" ><\/i><\/a><a href=\"https:\/\/www.instagram.com\/alipseto\/\" target=\"_blank\" data-label=\"Instagram\" class=\"icon plain instagram tooltip\" title=\"Auf Instagram folgen\" aria-label=\"Auf Instagram folgen\" rel=\"noopener nofollow\" ><i class=\"icon-instagram\" ><\/i><\/a><\/div>\n\t\t<\/div>\n\t\t\t\t\n<style>\n#col-1810336269 > .col-inner {\n  padding: 0px 0px 0px 0px;\n  margin: 0px 0px -54px 0px;\n}\n<\/style>\n\t<\/div>\n\n\t\n\n\t<div id=\"col-576859860\" class=\"col medium-4 large-4\"  >\n\t\t\t\t<div class=\"col-inner\"  >\n\t\t\t\n\t\t\t\n\t<div class=\"img has-hover x md-x lg-x y md-y lg-y\" id=\"image_5001594\">\n\t\t\t\t\t\t\t\t<div class=\"img-inner dark\" >\n\t\t\t<img loading=\"lazy\" decoding=\"async\" width=\"566\" height=\"800\" src=\"https:\/\/www.melimnos.com\/wp-content\/uploads\/2020\/12\/ALIPSETO_\u03a0\u0391\u03a1\u039f\u03a5\u03a3\u0399\u0391\u03a3\u0397-1-566x800.jpg\" class=\"attachment-large size-large\" alt=\"\" srcset=\"https:\/\/www.melimnos.com\/wp-content\/uploads\/2020\/12\/ALIPSETO_\u03a0\u0391\u03a1\u039f\u03a5\u03a3\u0399\u0391\u03a3\u0397-1-566x800.jpg 566w, https:\/\/www.melimnos.com\/wp-content\/uploads\/2020\/12\/ALIPSETO_\u03a0\u0391\u03a1\u039f\u03a5\u03a3\u0399\u0391\u03a3\u0397-1-283x400.jpg 283w, https:\/\/www.melimnos.com\/wp-content\/uploads\/2020\/12\/ALIPSETO_\u03a0\u0391\u03a1\u039f\u03a5\u03a3\u0399\u0391\u03a3\u0397-1-768x1086.jpg 768w, https:\/\/www.melimnos.com\/wp-content\/uploads\/2020\/12\/ALIPSETO_\u03a0\u0391\u03a1\u039f\u03a5\u03a3\u0399\u0391\u03a3\u0397-1.jpg 1500w\" sizes=\"auto, (max-width: 566px) 100vw, 566px\" \/>\t\t\t\t\t\t\n\t\t\t\t\t<\/div>\n\t\t\t\t\t\t\t\t\n<style>\n#image_5001594 {\n  width: 100%;\n}\n<\/style>\n\t<\/div>\n\t\n\t\t<\/div>\n\t\t\t\t\t<\/div>\n\n\t\n<\/div>\n","protected":false},"excerpt":{"rendered":"","protected":false},"author":1,"featured_media":0,"parent":0,"menu_order":0,"comment_status":"closed","ping_status":"closed","template":"page-blank.php","meta":{"footnotes":""},"class_list":["post-1262","page","type-page","status-publish","hentry"],"_links":{"self":[{"href":"https:\/\/www.melimnos.com\/de\/wp-json\/wp\/v2\/pages\/1262","targetHints":{"allow":["GET"]}}],"collection":[{"href":"https:\/\/www.melimnos.com\/de\/wp-json\/wp\/v2\/pages"}],"about":[{"href":"https:\/\/www.melimnos.com\/de\/wp-json\/wp\/v2\/types\/page"}],"author":[{"embeddable":true,"href":"https:\/\/www.melimnos.com\/de\/wp-json\/wp\/v2\/users\/1"}],"replies":[{"embeddable":true,"href":"https:\/\/www.melimnos.com\/de\/wp-json\/wp\/v2\/comments?post=1262"}],"version-history":[{"count":3,"href":"https:\/\/www.melimnos.com\/de\/wp-json\/wp\/v2\/pages\/1262\/revisions"}],"predecessor-version":[{"id":1280,"href":"https:\/\/www.melimnos.com\/de\/wp-json\/wp\/v2\/pages\/1262\/revisions\/1280"}],"wp:attachment":[{"href":"https:\/\/www.melimnos.com\/de\/wp-json\/wp\/v2\/media?parent=1262"}],"curies":[{"name":"wp","href":"https:\/\/api.w.org\/{rel}","templated":true}]}}