{"id":935,"date":"2019-07-16T15:22:00","date_gmt":"2019-07-16T12:22:00","guid":{"rendered":"https:\/\/www.melimnos.com\/?page_id=935"},"modified":"2020-03-08T12:36:23","modified_gmt":"2020-03-08T09:36:23","slug":"thymian-wildkraeuter-honig","status":"publish","type":"page","link":"https:\/\/www.melimnos.com\/de\/thymian-wildkraeuter-honig\/","title":{"rendered":"Honig aus Wildkr\u00e4utern und Thymian"},"content":{"rendered":"\t<section class=\"section\" id=\"section_2139756014\">\n\t\t<div class=\"bg section-bg fill bg-fill  \" >\n\n\t\t\t\n\t\t\t<div class=\"section-bg-overlay absolute fill\"><\/div>\n\t\t\t\n\n\t\t<\/div>\n\n\t\t\n\n\t\t<div class=\"section-content relative\">\n\t\t\t\n<div class=\"row\"  id=\"row-1934075383\">\n\n\t<div id=\"col-1240811481\" class=\"col small-12 large-12\"  >\n\t\t\t\t<div class=\"col-inner\"  >\n\t\t\t\n\t\t\t\n\t<div id=\"gap-493006181\" class=\"gap-element clearfix\" style=\"display:block; height:auto;\">\n\t\t\n<style>\n#gap-493006181 {\n  padding-top: 30px;\n}\n<\/style>\n\t<\/div>\n\t\n<div class=\"row row-collapse row-full-width\"  id=\"row-2079308526\">\n\n\t<div id=\"col-1409705622\" class=\"col medium-6 large-6\"  >\n\t\t\t\t<div class=\"col-inner\"  >\n\t\t\t\n\t\t\t\n\n  <div class=\"banner has-hover\" id=\"banner-1650278136\">\n          <div class=\"banner-inner fill\">\n        <div class=\"banner-bg fill\" >\n            <div class=\"bg fill bg-fill \"><\/div>\n                                    \n                    <\/div>\n\t\t\n        <div class=\"banner-layers container\">\n            <div class=\"fill banner-link\"><\/div>            \n        <\/div>\n      <\/div>\n\n            \n<style>\n#banner-1650278136 {\n  padding-top: 500px;\n}\n#banner-1650278136 .bg.bg-loaded {\n  background-image: url(https:\/\/www.melimnos.com\/wp-content\/uploads\/2019\/11\/LUXURY-PACK-WITH-WILD-HERBS-THYME-HONEY-800x800.jpeg);\n}\n<\/style>\n  <\/div>\n\n\n\t\t<\/div>\n\t\t\t\t\t<\/div>\n\n\t\n\n\t<div id=\"col-180259302\" class=\"col medium-6 large-6\"  >\n\t\t\t\t<div class=\"col-inner\"  >\n\t\t\t\n\t\t\t\n\n  <div class=\"banner has-hover\" id=\"banner-36931367\">\n          <div class=\"banner-inner fill\">\n        <div class=\"banner-bg fill\" >\n            <div class=\"bg fill bg-fill \"><\/div>\n                                    \n                    <\/div>\n\t\t\n        <div class=\"banner-layers container\">\n            <div class=\"fill banner-link\"><\/div>            \n   <div id=\"text-box-1778958715\" class=\"text-box banner-layer x50 md-x50 lg-x50 y50 md-y50 lg-y50 res-text\">\n                                <div class=\"text-box-content text dark\">\n              \n              <div class=\"text-inner text-left\">\n                  \n<h1 class=\"alt-font\" style=\"text-align: center;\"><strong>Honig aus Wildkr\u00e4utern und Thymian<br \/>\n<\/strong><\/h1>\n<div class=\"text-center\"><div class=\"is-divider divider clearfix\" style=\"margin-top:1.3em;margin-bottom:1.3em;max-width:50px;\"><\/div><\/div>\n              <\/div>\n           <\/div>\n                            \n<style>\n#text-box-1778958715 {\n  width: 63%;\n}\n#text-box-1778958715 .text-box-content {\n  font-size: 100%;\n}\n<\/style>\n    <\/div>\n \n        <\/div>\n      <\/div>\n\n            \n<style>\n#banner-36931367 {\n  padding-top: 500px;\n  background-color: rgb(163, 134, 74);\n}\n<\/style>\n  <\/div>\n\n\n\t\t<\/div>\n\t\t\t\t\t<\/div>\n\n\t\n<\/div>\n\t\t<\/div>\n\t\t\t\t\t<\/div>\n\n\t\n<\/div>\n\t\t<\/div>\n\n\t\t\n<style>\n#section_2139756014 {\n  padding-top: 65px;\n  padding-bottom: 65px;\n}\n#section_2139756014 .section-bg-overlay {\n  background-color: rgba(163, 134, 74, 0.77);\n}\n#section_2139756014 .section-bg.bg-loaded {\n  background-image: url(https:\/\/www.melimnos.com\/wp-content\/uploads\/2018\/04\/melimnos193501_b.jpg);\n}\n<\/style>\n\t<\/section>\n\t\n<div class=\"row row-collapse row-full-width\"  id=\"row-1334693650\">\n\n\t<div id=\"col-493475765\" class=\"col medium-8 small-12 large-8\"  >\n\t\t\t\t<div class=\"col-inner\"  >\n\t\t\t\n\t\t\t\n\n  <div class=\"banner has-hover\" id=\"banner-77616592\">\n          <div class=\"banner-inner fill\">\n        <div class=\"banner-bg fill\" >\n            <div class=\"bg fill bg-fill \"><\/div>\n                                    \n                    <\/div>\n\t\t\n        <div class=\"banner-layers container\">\n            <div class=\"fill banner-link\"><\/div>            \n        <\/div>\n      <\/div>\n\n            \n<style>\n#banner-77616592 {\n  padding-top: 281px;\n}\n#banner-77616592 .bg.bg-loaded {\n  background-image: url(https:\/\/www.melimnos.com\/wp-content\/uploads\/2019\/11\/Zoumis-Photography-Studio_Melimnos-Still-Life-5-1-1400x721.jpg);\n}\n#banner-77616592 .bg {\n  background-position: 13% 78%;\n}\n@media (min-width:550px) {\n  #banner-77616592 {\n    padding-top: 500px;\n  }\n}\n<\/style>\n  <\/div>\n\n\n\t\t<\/div>\n\t\t\t\t\t<\/div>\n\n\t\n\n\t<div id=\"col-965957951\" class=\"col medium-4 small-12 large-4\"  >\n\t\t\t\t<div class=\"col-inner\"  >\n\t\t\t\n\t\t\t\n\n  <div class=\"banner has-hover\" id=\"banner-828135031\">\n          <div class=\"banner-inner fill\">\n        <div class=\"banner-bg fill\" >\n            <div class=\"bg fill bg-fill \"><\/div>\n                                    \n                    <\/div>\n\t\t\n        <div class=\"banner-layers container\">\n            <div class=\"fill banner-link\"><\/div>            \n   <div id=\"text-box-1270055612\" class=\"text-box banner-layer x50 md-x50 lg-x50 y50 md-y50 lg-y50 res-text\">\n                                <div class=\"text-box-content text \">\n              \n              <div class=\"text-inner text-center\">\n                  \n<h2>Der Ursprung<\/h2>\n<div class=\"is-divider divider clearfix\" style=\"margin-top:1.6em;margin-bottom:1.6em;\"><\/div>\n<h4>Honig von ausgezeichneter Qualit\u00e4t aus der Kombination von Thymianhonig und Wildkr\u00e4uterhonig!<\/h4>\n<h4>Seine helle Bernsteinfarbe ist das Ergebnis der Blumen, von denen es gesammelt wird!<\/h4>\n              <\/div>\n           <\/div>\n                            \n<style>\n#text-box-1270055612 {\n  width: 77%;\n}\n#text-box-1270055612 .text-box-content {\n  font-size: 100%;\n}\n@media (min-width:550px) {\n  #text-box-1270055612 {\n    width: 61%;\n  }\n}\n@media (min-width:850px) {\n  #text-box-1270055612 {\n    width: 65%;\n  }\n}\n<\/style>\n    <\/div>\n \n        <\/div>\n      <\/div>\n\n            \n<style>\n#banner-828135031 {\n  padding-top: 420px;\n  background-color: rgb(255,255,255);\n}\n@media (min-width:550px) {\n  #banner-828135031 {\n    padding-top: 500px;\n  }\n}\n<\/style>\n  <\/div>\n\n\n\t\t<\/div>\n\t\t\t\t\t<\/div>\n\n\t\n<\/div>\n<div class=\"row row-collapse row-full-width\"  id=\"row-1345801768\">\n\n\t<div id=\"col-1933515568\" class=\"col medium-4 small-12 large-4\"  >\n\t\t\t\t<div class=\"col-inner\"  >\n\t\t\t\n\t\t\t\n\n  <div class=\"banner has-hover\" id=\"banner-147199370\">\n          <div class=\"banner-inner fill\">\n        <div class=\"banner-bg fill\" >\n            <div class=\"bg fill bg-fill \"><\/div>\n                                    \n                    <\/div>\n\t\t\n        <div class=\"banner-layers container\">\n            <div class=\"fill banner-link\"><\/div>            \n   <div id=\"text-box-651764147\" class=\"text-box banner-layer x50 md-x50 lg-x50 y50 md-y50 lg-y50 res-text\">\n                                <div class=\"text-box-content text \">\n              \n              <div class=\"text-inner text-center\">\n                  \n<h1 class= style=\"text-align: center;\">Der Geschmack<\/h1>\n<div class=\"is-divider divider clearfix\" style=\"margin-top:1.6em;margin-bottom:1.6em;\"><\/div>\n<h4>Eine Sorte mit reichem, besonderem Geschmack, besonderer S\u00fc\u00dfe und einzigartiger Textur!<\/h4>\n<h4>Eine besondere Geschmackskombination, die die Komplexit\u00e4t ihres Geschmacks auf ihre besondere Zusammensetzung abstimmt!<\/h4>\n              <\/div>\n           <\/div>\n                            \n<style>\n#text-box-651764147 {\n  width: 82%;\n}\n#text-box-651764147 .text-box-content {\n  font-size: 100%;\n}\n@media (min-width:550px) {\n  #text-box-651764147 {\n    width: 65%;\n  }\n}\n@media (min-width:850px) {\n  #text-box-651764147 {\n    width: 76%;\n  }\n}\n<\/style>\n    <\/div>\n \n        <\/div>\n      <\/div>\n\n            \n<style>\n#banner-147199370 {\n  padding-top: 420px;\n  background-color: rgb(246, 246, 246);\n}\n@media (min-width:550px) {\n  #banner-147199370 {\n    padding-top: 500px;\n  }\n}\n<\/style>\n  <\/div>\n\n\n\t\t<\/div>\n\t\t\t\t\t<\/div>\n\n\t\n\n\t<div id=\"col-1132249313\" class=\"col medium-8 small-12 large-8\"  >\n\t\t\t\t<div class=\"col-inner\"  >\n\t\t\t\n\t\t\t\n\n  <div class=\"banner has-hover\" id=\"banner-1329993869\">\n          <div class=\"banner-inner fill\">\n        <div class=\"banner-bg fill\" >\n            <div class=\"bg fill bg-fill \"><\/div>\n                                    \n                    <\/div>\n\t\t\n        <div class=\"banner-layers container\">\n            <div class=\"fill banner-link\"><\/div>            \n        <\/div>\n      <\/div>\n\n            \n<style>\n#banner-1329993869 {\n  padding-top: 500px;\n}\n#banner-1329993869 .bg.bg-loaded {\n  background-image: url(https:\/\/www.melimnos.com\/wp-content\/uploads\/2018\/03\/melimnos4-1200x800.jpg);\n}\n#banner-1329993869 .bg {\n  background-position: 0% 100%;\n}\n<\/style>\n  <\/div>\n\n\n\t\t<\/div>\n\t\t\t\t\t<\/div>\n\n\t\n<\/div>\n<div class=\"row row-collapse row-full-width\"  id=\"row-878508756\">\n\n\t<div id=\"col-268041356\" class=\"col medium-8 small-12 large-8\"  >\n\t\t\t\t<div class=\"col-inner\"  >\n\t\t\t\n\t\t\t\n\n  <div class=\"banner has-hover\" id=\"banner-1572148242\">\n          <div class=\"banner-inner fill\">\n        <div class=\"banner-bg fill\" >\n            <div class=\"bg fill bg-fill \"><\/div>\n                                    \n                    <\/div>\n\t\t\n        <div class=\"banner-layers container\">\n            <div class=\"fill banner-link\"><\/div>            \n        <\/div>\n      <\/div>\n\n            \n<style>\n#banner-1572148242 {\n  padding-top: 500px;\n}\n#banner-1572148242 .bg.bg-loaded {\n  background-image: url(https:\/\/www.melimnos.com\/wp-content\/uploads\/2018\/03\/melimnos3-1200x800.jpg);\n}\n#banner-1572148242 .bg {\n  background-position: 45% 76%;\n}\n<\/style>\n  <\/div>\n\n\n\t\t<\/div>\n\t\t\t\t\t<\/div>\n\n\t\n\n\t<div id=\"col-723152008\" class=\"col medium-4 small-12 large-4\"  >\n\t\t\t\t<div class=\"col-inner\"  >\n\t\t\t\n\t\t\t\n\n  <div class=\"banner has-hover\" id=\"banner-1981614207\">\n          <div class=\"banner-inner fill\">\n        <div class=\"banner-bg fill\" >\n            <div class=\"bg fill bg-fill \"><\/div>\n                                    \n                    <\/div>\n\t\t\n        <div class=\"banner-layers container\">\n            <div class=\"fill banner-link\"><\/div>            \n   <div id=\"text-box-108359889\" class=\"text-box banner-layer x50 md-x50 lg-x50 y50 md-y50 lg-y50 res-text\">\n                                <div class=\"text-box-content text \">\n              \n              <div class=\"text-inner text-center\">\n                  \n<h1 class= style=\"text-align: center;\">Das Aroma<\/h1>\n<div class=\"is-divider divider clearfix\" style=\"margin-top:1.6em;margin-bottom:1.6em;\"><\/div>\n<h4>In seinem wunderbar tiefen Aroma zeichnen sich charakteristische aromatische Noten von Thymian und Wildkr\u00e4utern aus dem Land Limnos aus!<\/h4>\n<h4> Diese Sorte ist auch in einer Geschenkbox erh\u00e4ltlich, die aus einem hochwertigen Holzetui in zwei einzigartigen Designs besteht, je nachdem, welche Gr\u00f6\u00dfe Sie w\u00e4hlen!<\/h4>\n              <\/div>\n           <\/div>\n                            \n<style>\n#text-box-108359889 {\n  width: 67%;\n}\n#text-box-108359889 .text-box-content {\n  font-size: 100%;\n}\n<\/style>\n    <\/div>\n \n        <\/div>\n      <\/div>\n\n            \n<style>\n#banner-1981614207 {\n  padding-top: 500px;\n  background-color: rgb(255,255,255);\n}\n<\/style>\n  <\/div>\n\n\n\t\t<\/div>\n\t\t\t\t\t<\/div>\n\n\t\n<\/div>\n\t<section class=\"section\" id=\"section_303708362\">\n\t\t<div class=\"bg section-bg fill bg-fill  \" >\n\n\t\t\t\n\t\t\t\n\t\t\t\n\n\t\t<\/div>\n\n\t\t\n\n\t\t<div class=\"section-content relative\">\n\t\t\t\n<div class=\"row row-collapse\"  id=\"row-1216226702\">\n\n\t<div id=\"col-2039221386\" class=\"col medium-6 small-12 large-6\"  >\n\t\t\t\t<div class=\"col-inner\"  >\n\t\t\t\n\t\t\t\n\n  <div class=\"banner has-hover\" id=\"banner-1800629197\">\n          <div class=\"banner-inner fill\">\n        <div class=\"banner-bg fill\" >\n            <div class=\"bg fill bg-fill \"><\/div>\n                                    \n                    <\/div>\n\t\t\n        <div class=\"banner-layers container\">\n            <div class=\"fill banner-link\"><\/div>            \n   <div id=\"text-box-1991957345\" class=\"text-box banner-layer x50 md-x50 lg-x50 y50 md-y50 lg-y50 res-text\">\n                                <div class=\"text-box-content text dark\">\n              \n              <div class=\"text-inner text-center\">\n                  \n<h3 class=\"uppercase\"><span style=\"font-size: 90%;\"><strong>KONTAKT<\/strong><\/span><\/h3>\n<p>Gerne nehmen wir Ihre Kommentare oder Fragen entgegen und beantworten sie<\/p>\n\t<div id=\"gap-1830920478\" class=\"gap-element clearfix\" style=\"display:block; height:auto;\">\n\t\t\n<style>\n#gap-1830920478 {\n  padding-top: 10px;\n}\n<\/style>\n\t<\/div>\n\t\n<div class=\"social-icons follow-icons\" style=\"font-size:96%\"><span>Folgen Sie uns<\/span><a href=\"https:\/\/www.facebook.com\/Melimnos\/\" target=\"_blank\" data-label=\"Facebook\" class=\"icon plain facebook tooltip\" title=\"Auf Facebook folgen\" aria-label=\"Auf Facebook folgen\" rel=\"noopener nofollow\" ><i class=\"icon-facebook\" ><\/i><\/a><a href=\"https:\/\/www.instagram.com\/melimnos\/\" target=\"_blank\" data-label=\"Instagram\" class=\"icon plain instagram tooltip\" title=\"Auf Instagram folgen\" aria-label=\"Auf Instagram folgen\" rel=\"noopener nofollow\" ><i class=\"icon-instagram\" ><\/i><\/a><\/div>\n\t<div id=\"gap-1088520248\" class=\"gap-element clearfix\" style=\"display:block; height:auto;\">\n\t\t\n<style>\n#gap-1088520248 {\n  padding-top: 10px;\n}\n<\/style>\n\t<\/div>\n\t\n              <\/div>\n           <\/div>\n                            \n<style>\n#text-box-1991957345 {\n  width: 70%;\n}\n#text-box-1991957345 .text-box-content {\n  font-size: 154%;\n}\n<\/style>\n    <\/div>\n \n        <\/div>\n      <\/div>\n\n            \n<style>\n#banner-1800629197 {\n  padding-top: 500px;\n  background-color: rgba(163, 134, 74, 0.77);\n}\n<\/style>\n  <\/div>\n\n\n\t\t<\/div>\n\t\t\t\t\t<\/div>\n\n\t\n\n\t<div id=\"col-1741660633\" class=\"col medium-6 small-12 large-6\"  >\n\t\t\t\t<div class=\"col-inner\"  >\n\t\t\t\n\t\t\t\n\n  <div class=\"banner has-hover\" id=\"banner-655726602\">\n          <div class=\"banner-inner fill\">\n        <div class=\"banner-bg fill\" >\n            <div class=\"bg fill bg-fill \"><\/div>\n                                    \n                    <\/div>\n\t\t\n        <div class=\"banner-layers container\">\n            <div class=\"fill banner-link\"><\/div>            \n   <div id=\"text-box-643243613\" class=\"text-box banner-layer x50 md-x50 lg-x50 y50 md-y50 lg-y50 res-text\">\n                                <div class=\"text-box-content text \">\n              \n              <div class=\"text-inner text-center\">\n                  \n\t<div id=\"gap-916619454\" class=\"gap-element clearfix\" style=\"display:block; height:auto;\">\n\t\t\n<style>\n#gap-916619454 {\n  padding-top: 40px;\n}\n<\/style>\n\t<\/div>\n\t\n\n<div class=\"wpcf7 no-js\" id=\"wpcf7-f967-o1\" lang=\"en-US\" dir=\"ltr\" data-wpcf7-id=\"967\">\n<div class=\"screen-reader-response\"><p role=\"status\" aria-live=\"polite\" aria-atomic=\"true\"><\/p> <ul><\/ul><\/div>\n<form action=\"\/de\/wp-json\/wp\/v2\/pages\/935#wpcf7-f967-o1\" method=\"post\" class=\"wpcf7-form init\" aria-label=\"Contact form\" novalidate=\"novalidate\" data-status=\"init\">\n<fieldset class=\"hidden-fields-container\"><input type=\"hidden\" name=\"_wpcf7\" value=\"967\" \/><input type=\"hidden\" name=\"_wpcf7_version\" value=\"6.1.5\" \/><input type=\"hidden\" name=\"_wpcf7_locale\" value=\"en_US\" \/><input type=\"hidden\" name=\"_wpcf7_unit_tag\" value=\"wpcf7-f967-o1\" \/><input type=\"hidden\" name=\"_wpcf7_container_post\" value=\"0\" \/><input type=\"hidden\" name=\"_wpcf7_posted_data_hash\" value=\"\" \/><input type=\"hidden\" name=\"_wpcf7_recaptcha_response\" value=\"\" \/>\n<\/fieldset>\n<div class=\"form-flat\">\n\t<p><span class=\"wpcf7-form-control-wrap\" data-name=\"your-name\"><input size=\"40\" maxlength=\"400\" class=\"wpcf7-form-control wpcf7-text wpcf7-validates-as-required\" aria-required=\"true\" aria-invalid=\"false\" placeholder=\"Name (*)\" value=\"\" type=\"text\" name=\"your-name\" \/><\/span>\n\t<\/p>\n\t<p><span class=\"wpcf7-form-control-wrap\" data-name=\"your-email\"><input size=\"40\" maxlength=\"400\" class=\"wpcf7-form-control wpcf7-email wpcf7-validates-as-required wpcf7-text wpcf7-validates-as-email\" aria-required=\"true\" aria-invalid=\"false\" placeholder=\"Email (*)\" value=\"\" type=\"email\" name=\"your-email\" \/><\/span>\n\t<\/p>\n\t<p><span class=\"wpcf7-form-control-wrap\" data-name=\"tel-196\"><input size=\"40\" maxlength=\"400\" class=\"wpcf7-form-control wpcf7-tel wpcf7-text wpcf7-validates-as-tel\" aria-invalid=\"false\" placeholder=\"Telefon\" value=\"\" type=\"tel\" name=\"tel-196\" \/><\/span>\n\t<\/p>\n\t<p><span class=\"wpcf7-form-control-wrap\" data-name=\"your-message\"><textarea cols=\"40\" rows=\"10\" maxlength=\"2000\" class=\"wpcf7-form-control wpcf7-textarea\" aria-invalid=\"false\" placeholder=\"Botschaft(*)\" name=\"your-message\"><\/textarea><\/span>\n\t<\/p>\n\n\t<p><input class=\"wpcf7-form-control wpcf7-submit has-spinner button\" type=\"submit\" value=\"Senden\" \/>\n\t<\/p>\n<\/div><div class=\"wpcf7-response-output\" aria-hidden=\"true\"><\/div>\n<\/form>\n<\/div>\n\n              <\/div>\n           <\/div>\n                            \n<style>\n#text-box-643243613 {\n  width: 69%;\n}\n#text-box-643243613 .text-box-content {\n  font-size: 129%;\n}\n<\/style>\n    <\/div>\n \n        <\/div>\n      <\/div>\n\n            \n<style>\n#banner-655726602 {\n  padding-top: 500px;\n  background-color: rgb(255,255,255);\n}\n<\/style>\n  <\/div>\n\n\n\t\t<\/div>\n\t\t\t\t\t<\/div>\n\n\t\n<\/div>\n\t\t<\/div>\n\n\t\t\n<style>\n#section_303708362 {\n  padding-top: 70px;\n  padding-bottom: 70px;\n}\n#section_303708362 .section-bg.bg-loaded {\n  background-image: url(https:\/\/www.melimnos.com\/wp-content\/uploads\/2018\/03\/unsplash18-4-of-5.jpg);\n}\n#section_303708362 .section-bg {\n  background-position: 12% 6%;\n}\n<\/style>\n\t<\/section>\n\t\n","protected":false},"excerpt":{"rendered":"","protected":false},"author":1,"featured_media":0,"parent":0,"menu_order":0,"comment_status":"closed","ping_status":"closed","template":"page-blank.php","meta":{"footnotes":""},"class_list":["post-935","page","type-page","status-publish","hentry"],"_links":{"self":[{"href":"https:\/\/www.melimnos.com\/de\/wp-json\/wp\/v2\/pages\/935","targetHints":{"allow":["GET"]}}],"collection":[{"href":"https:\/\/www.melimnos.com\/de\/wp-json\/wp\/v2\/pages"}],"about":[{"href":"https:\/\/www.melimnos.com\/de\/wp-json\/wp\/v2\/types\/page"}],"author":[{"embeddable":true,"href":"https:\/\/www.melimnos.com\/de\/wp-json\/wp\/v2\/users\/1"}],"replies":[{"embeddable":true,"href":"https:\/\/www.melimnos.com\/de\/wp-json\/wp\/v2\/comments?post=935"}],"version-history":[{"count":10,"href":"https:\/\/www.melimnos.com\/de\/wp-json\/wp\/v2\/pages\/935\/revisions"}],"predecessor-version":[{"id":1082,"href":"https:\/\/www.melimnos.com\/de\/wp-json\/wp\/v2\/pages\/935\/revisions\/1082"}],"wp:attachment":[{"href":"https:\/\/www.melimnos.com\/de\/wp-json\/wp\/v2\/media?parent=935"}],"curies":[{"name":"wp","href":"https:\/\/api.w.org\/{rel}","templated":true}]}}